{"id":1814,"date":"2019-12-05T12:49:48","date_gmt":"2019-12-05T11:49:48","guid":{"rendered":"https:\/\/www.tupack.at\/lippenpflege\/"},"modified":"2021-07-16T12:51:34","modified_gmt":"2021-07-16T10:51:34","slug":"soins-des-levres","status":"publish","type":"page","link":"https:\/\/www.tupack.at\/fr\/soins-des-levres\/","title":{"rendered":"Soins des levres"},"content":{"rendered":"","protected":false},"excerpt":{"rendered":"","protected":false},"author":27,"featured_media":0,"parent":0,"menu_order":2,"comment_status":"closed","ping_status":"closed","template":"","meta":{"_acf_changed":false,"footnotes":""},"class_list":["post-1814","page","type-page","status-publish","hentry"],"acf":[],"yoast_head":"<!-- This site is optimized with the Yoast SEO plugin v27.2 - https:\/\/yoast.com\/product\/yoast-seo-wordpress\/ -->\n<title>Soins des l\u00e8vres - Tupack<\/title>\n<meta name=\"description\" content=\"TUPACK est heureux d\u2019\u00eatre un des fabricants leaders dans les sticks \u00e0 l\u00e8vres. Nos partenariats avec les plus grands acteurs et marques du secteur, nous ont permis de d\u00e9velopper une expertise\" \/>\n<meta name=\"robots\" content=\"index, follow, max-snippet:-1, max-image-preview:large, max-video-preview:-1\" \/>\n<link rel=\"canonical\" href=\"https:\/\/www.tupack.at\/fr\/soins-des-levres\/\" \/>\n<meta property=\"og:locale\" content=\"fr_FR\" \/>\n<meta property=\"og:type\" content=\"article\" \/>\n<meta property=\"og:title\" content=\"Soins des l\u00e8vres - Tupack\" \/>\n<meta property=\"og:description\" content=\"TUPACK est heureux d\u2019\u00eatre un des fabricants leaders dans les sticks \u00e0 l\u00e8vres. Nos partenariats avec les plus grands acteurs et marques du secteur, nous ont permis de d\u00e9velopper une expertise\" \/>\n<meta property=\"og:url\" content=\"https:\/\/www.tupack.at\/fr\/soins-des-levres\/\" \/>\n<meta property=\"og:site_name\" content=\"Tupack\" \/>\n<meta property=\"article:modified_time\" content=\"2021-07-16T10:51:34+00:00\" \/>\n<meta name=\"twitter:card\" content=\"summary_large_image\" \/>\n<script type=\"application\/ld+json\" class=\"yoast-schema-graph\">{\"@context\":\"https:\/\/schema.org\",\"@graph\":[{\"@type\":\"WebPage\",\"@id\":\"https:\/\/www.tupack.at\/fr\/soins-des-levres\/\",\"url\":\"https:\/\/www.tupack.at\/fr\/soins-des-levres\/\",\"name\":\"Soins des l\u00e8vres - Tupack\",\"isPartOf\":{\"@id\":\"https:\/\/www.tupack.at\/fr\/#website\"},\"datePublished\":\"2019-12-05T11:49:48+00:00\",\"dateModified\":\"2021-07-16T10:51:34+00:00\",\"description\":\"TUPACK est heureux d\u2019\u00eatre un des fabricants leaders dans les sticks \u00e0 l\u00e8vres. Nos partenariats avec les plus grands acteurs et marques du secteur, nous ont permis de d\u00e9velopper une expertise\",\"breadcrumb\":{\"@id\":\"https:\/\/www.tupack.at\/fr\/soins-des-levres\/#breadcrumb\"},\"inLanguage\":\"fr-FR\",\"potentialAction\":[{\"@type\":\"ReadAction\",\"target\":[\"https:\/\/www.tupack.at\/fr\/soins-des-levres\/\"]}]},{\"@type\":\"BreadcrumbList\",\"@id\":\"https:\/\/www.tupack.at\/fr\/soins-des-levres\/#breadcrumb\",\"itemListElement\":[{\"@type\":\"ListItem\",\"position\":1,\"name\":\"Startseite\",\"item\":\"https:\/\/www.tupack.at\/fr\/\"},{\"@type\":\"ListItem\",\"position\":2,\"name\":\"Soins des levres\"}]},{\"@type\":\"WebSite\",\"@id\":\"https:\/\/www.tupack.at\/fr\/#website\",\"url\":\"https:\/\/www.tupack.at\/fr\/\",\"name\":\"Tupack\",\"description\":\"\",\"potentialAction\":[{\"@type\":\"SearchAction\",\"target\":{\"@type\":\"EntryPoint\",\"urlTemplate\":\"https:\/\/www.tupack.at\/fr\/?s={search_term_string}\"},\"query-input\":{\"@type\":\"PropertyValueSpecification\",\"valueRequired\":true,\"valueName\":\"search_term_string\"}}],\"inLanguage\":\"fr-FR\"}]}<\/script>\n<!-- \/ Yoast SEO plugin. -->","yoast_head_json":{"title":"Soins des l\u00e8vres - Tupack","description":"TUPACK est heureux d\u2019\u00eatre un des fabricants leaders dans les sticks \u00e0 l\u00e8vres. Nos partenariats avec les plus grands acteurs et marques du secteur, nous ont permis de d\u00e9velopper une expertise","robots":{"index":"index","follow":"follow","max-snippet":"max-snippet:-1","max-image-preview":"max-image-preview:large","max-video-preview":"max-video-preview:-1"},"canonical":"https:\/\/www.tupack.at\/fr\/soins-des-levres\/","og_locale":"fr_FR","og_type":"article","og_title":"Soins des l\u00e8vres - Tupack","og_description":"TUPACK est heureux d\u2019\u00eatre un des fabricants leaders dans les sticks \u00e0 l\u00e8vres. Nos partenariats avec les plus grands acteurs et marques du secteur, nous ont permis de d\u00e9velopper une expertise","og_url":"https:\/\/www.tupack.at\/fr\/soins-des-levres\/","og_site_name":"Tupack","article_modified_time":"2021-07-16T10:51:34+00:00","twitter_card":"summary_large_image","schema":{"@context":"https:\/\/schema.org","@graph":[{"@type":"WebPage","@id":"https:\/\/www.tupack.at\/fr\/soins-des-levres\/","url":"https:\/\/www.tupack.at\/fr\/soins-des-levres\/","name":"Soins des l\u00e8vres - Tupack","isPartOf":{"@id":"https:\/\/www.tupack.at\/fr\/#website"},"datePublished":"2019-12-05T11:49:48+00:00","dateModified":"2021-07-16T10:51:34+00:00","description":"TUPACK est heureux d\u2019\u00eatre un des fabricants leaders dans les sticks \u00e0 l\u00e8vres. Nos partenariats avec les plus grands acteurs et marques du secteur, nous ont permis de d\u00e9velopper une expertise","breadcrumb":{"@id":"https:\/\/www.tupack.at\/fr\/soins-des-levres\/#breadcrumb"},"inLanguage":"fr-FR","potentialAction":[{"@type":"ReadAction","target":["https:\/\/www.tupack.at\/fr\/soins-des-levres\/"]}]},{"@type":"BreadcrumbList","@id":"https:\/\/www.tupack.at\/fr\/soins-des-levres\/#breadcrumb","itemListElement":[{"@type":"ListItem","position":1,"name":"Startseite","item":"https:\/\/www.tupack.at\/fr\/"},{"@type":"ListItem","position":2,"name":"Soins des levres"}]},{"@type":"WebSite","@id":"https:\/\/www.tupack.at\/fr\/#website","url":"https:\/\/www.tupack.at\/fr\/","name":"Tupack","description":"","potentialAction":[{"@type":"SearchAction","target":{"@type":"EntryPoint","urlTemplate":"https:\/\/www.tupack.at\/fr\/?s={search_term_string}"},"query-input":{"@type":"PropertyValueSpecification","valueRequired":true,"valueName":"search_term_string"}}],"inLanguage":"fr-FR"}]}},"_links":{"self":[{"href":"https:\/\/www.tupack.at\/fr\/wp-json\/wp\/v2\/pages\/1814","targetHints":{"allow":["GET"]}}],"collection":[{"href":"https:\/\/www.tupack.at\/fr\/wp-json\/wp\/v2\/pages"}],"about":[{"href":"https:\/\/www.tupack.at\/fr\/wp-json\/wp\/v2\/types\/page"}],"author":[{"embeddable":true,"href":"https:\/\/www.tupack.at\/fr\/wp-json\/wp\/v2\/users\/27"}],"replies":[{"embeddable":true,"href":"https:\/\/www.tupack.at\/fr\/wp-json\/wp\/v2\/comments?post=1814"}],"version-history":[{"count":5,"href":"https:\/\/www.tupack.at\/fr\/wp-json\/wp\/v2\/pages\/1814\/revisions"}],"predecessor-version":[{"id":2749,"href":"https:\/\/www.tupack.at\/fr\/wp-json\/wp\/v2\/pages\/1814\/revisions\/2749"}],"wp:attachment":[{"href":"https:\/\/www.tupack.at\/fr\/wp-json\/wp\/v2\/media?parent=1814"}],"curies":[{"name":"wp","href":"https:\/\/api.w.org\/{rel}","templated":true}]}}