{"id":2174,"date":"2020-04-08T14:43:57","date_gmt":"2020-04-08T12:43:57","guid":{"rendered":"https:\/\/www.tupack.at\/?page_id=2174"},"modified":"2021-08-10T16:19:48","modified_gmt":"2021-08-10T14:19:48","slug":"code-de-conduite","status":"publish","type":"page","link":"https:\/\/www.tupack.at\/fr\/code-de-conduite\/","title":{"rendered":"Code de conduite"},"content":{"rendered":"","protected":false},"excerpt":{"rendered":"","protected":false},"author":27,"featured_media":0,"parent":0,"menu_order":9,"comment_status":"closed","ping_status":"closed","template":"","meta":{"_acf_changed":false,"footnotes":""},"class_list":["post-2174","page","type-page","status-publish","hentry"],"acf":[],"yoast_head":"<!-- This site is optimized with the Yoast SEO plugin v27.2 - https:\/\/yoast.com\/product\/yoast-seo-wordpress\/ -->\n<title>Code de conduite - Tupack<\/title>\n<meta name=\"description\" content=\"Chez TUPACK, nous prenons la durabilit\u00e9 tr\u00e8s au s\u00e9rieux. Nous nous effor\u00e7ons toujours d&#039;am\u00e9liorer notre syst\u00e8me de gestion des fournisseurs.\" \/>\n<meta name=\"robots\" content=\"index, follow, max-snippet:-1, max-image-preview:large, max-video-preview:-1\" \/>\n<link rel=\"canonical\" href=\"https:\/\/www.tupack.at\/fr\/code-de-conduite\/\" \/>\n<meta property=\"og:locale\" content=\"fr_FR\" \/>\n<meta property=\"og:type\" content=\"article\" \/>\n<meta property=\"og:title\" content=\"Code de conduite - Tupack\" \/>\n<meta property=\"og:description\" content=\"Chez TUPACK, nous prenons la durabilit\u00e9 tr\u00e8s au s\u00e9rieux. Nous nous effor\u00e7ons toujours d&#039;am\u00e9liorer notre syst\u00e8me de gestion des fournisseurs.\" \/>\n<meta property=\"og:url\" content=\"https:\/\/www.tupack.at\/fr\/code-de-conduite\/\" \/>\n<meta property=\"og:site_name\" content=\"Tupack\" \/>\n<meta property=\"article:modified_time\" content=\"2021-08-10T14:19:48+00:00\" \/>\n<meta name=\"twitter:card\" content=\"summary_large_image\" \/>\n<script type=\"application\/ld+json\" class=\"yoast-schema-graph\">{\"@context\":\"https:\/\/schema.org\",\"@graph\":[{\"@type\":\"WebPage\",\"@id\":\"https:\/\/www.tupack.at\/fr\/code-de-conduite\/\",\"url\":\"https:\/\/www.tupack.at\/fr\/code-de-conduite\/\",\"name\":\"Code de conduite - Tupack\",\"isPartOf\":{\"@id\":\"https:\/\/www.tupack.at\/fr\/#website\"},\"datePublished\":\"2020-04-08T12:43:57+00:00\",\"dateModified\":\"2021-08-10T14:19:48+00:00\",\"description\":\"Chez TUPACK, nous prenons la durabilit\u00e9 tr\u00e8s au s\u00e9rieux. Nous nous effor\u00e7ons toujours d'am\u00e9liorer notre syst\u00e8me de gestion des fournisseurs.\",\"breadcrumb\":{\"@id\":\"https:\/\/www.tupack.at\/fr\/code-de-conduite\/#breadcrumb\"},\"inLanguage\":\"fr-FR\",\"potentialAction\":[{\"@type\":\"ReadAction\",\"target\":[\"https:\/\/www.tupack.at\/fr\/code-de-conduite\/\"]}]},{\"@type\":\"BreadcrumbList\",\"@id\":\"https:\/\/www.tupack.at\/fr\/code-de-conduite\/#breadcrumb\",\"itemListElement\":[{\"@type\":\"ListItem\",\"position\":1,\"name\":\"Startseite\",\"item\":\"https:\/\/www.tupack.at\/fr\/\"},{\"@type\":\"ListItem\",\"position\":2,\"name\":\"Code de conduite\"}]},{\"@type\":\"WebSite\",\"@id\":\"https:\/\/www.tupack.at\/fr\/#website\",\"url\":\"https:\/\/www.tupack.at\/fr\/\",\"name\":\"Tupack\",\"description\":\"\",\"potentialAction\":[{\"@type\":\"SearchAction\",\"target\":{\"@type\":\"EntryPoint\",\"urlTemplate\":\"https:\/\/www.tupack.at\/fr\/?s={search_term_string}\"},\"query-input\":{\"@type\":\"PropertyValueSpecification\",\"valueRequired\":true,\"valueName\":\"search_term_string\"}}],\"inLanguage\":\"fr-FR\"}]}<\/script>\n<!-- \/ Yoast SEO plugin. -->","yoast_head_json":{"title":"Code de conduite - Tupack","description":"Chez TUPACK, nous prenons la durabilit\u00e9 tr\u00e8s au s\u00e9rieux. Nous nous effor\u00e7ons toujours d'am\u00e9liorer notre syst\u00e8me de gestion des fournisseurs.","robots":{"index":"index","follow":"follow","max-snippet":"max-snippet:-1","max-image-preview":"max-image-preview:large","max-video-preview":"max-video-preview:-1"},"canonical":"https:\/\/www.tupack.at\/fr\/code-de-conduite\/","og_locale":"fr_FR","og_type":"article","og_title":"Code de conduite - Tupack","og_description":"Chez TUPACK, nous prenons la durabilit\u00e9 tr\u00e8s au s\u00e9rieux. Nous nous effor\u00e7ons toujours d'am\u00e9liorer notre syst\u00e8me de gestion des fournisseurs.","og_url":"https:\/\/www.tupack.at\/fr\/code-de-conduite\/","og_site_name":"Tupack","article_modified_time":"2021-08-10T14:19:48+00:00","twitter_card":"summary_large_image","schema":{"@context":"https:\/\/schema.org","@graph":[{"@type":"WebPage","@id":"https:\/\/www.tupack.at\/fr\/code-de-conduite\/","url":"https:\/\/www.tupack.at\/fr\/code-de-conduite\/","name":"Code de conduite - Tupack","isPartOf":{"@id":"https:\/\/www.tupack.at\/fr\/#website"},"datePublished":"2020-04-08T12:43:57+00:00","dateModified":"2021-08-10T14:19:48+00:00","description":"Chez TUPACK, nous prenons la durabilit\u00e9 tr\u00e8s au s\u00e9rieux. Nous nous effor\u00e7ons toujours d'am\u00e9liorer notre syst\u00e8me de gestion des fournisseurs.","breadcrumb":{"@id":"https:\/\/www.tupack.at\/fr\/code-de-conduite\/#breadcrumb"},"inLanguage":"fr-FR","potentialAction":[{"@type":"ReadAction","target":["https:\/\/www.tupack.at\/fr\/code-de-conduite\/"]}]},{"@type":"BreadcrumbList","@id":"https:\/\/www.tupack.at\/fr\/code-de-conduite\/#breadcrumb","itemListElement":[{"@type":"ListItem","position":1,"name":"Startseite","item":"https:\/\/www.tupack.at\/fr\/"},{"@type":"ListItem","position":2,"name":"Code de conduite"}]},{"@type":"WebSite","@id":"https:\/\/www.tupack.at\/fr\/#website","url":"https:\/\/www.tupack.at\/fr\/","name":"Tupack","description":"","potentialAction":[{"@type":"SearchAction","target":{"@type":"EntryPoint","urlTemplate":"https:\/\/www.tupack.at\/fr\/?s={search_term_string}"},"query-input":{"@type":"PropertyValueSpecification","valueRequired":true,"valueName":"search_term_string"}}],"inLanguage":"fr-FR"}]}},"_links":{"self":[{"href":"https:\/\/www.tupack.at\/fr\/wp-json\/wp\/v2\/pages\/2174","targetHints":{"allow":["GET"]}}],"collection":[{"href":"https:\/\/www.tupack.at\/fr\/wp-json\/wp\/v2\/pages"}],"about":[{"href":"https:\/\/www.tupack.at\/fr\/wp-json\/wp\/v2\/types\/page"}],"author":[{"embeddable":true,"href":"https:\/\/www.tupack.at\/fr\/wp-json\/wp\/v2\/users\/27"}],"replies":[{"embeddable":true,"href":"https:\/\/www.tupack.at\/fr\/wp-json\/wp\/v2\/comments?post=2174"}],"version-history":[{"count":11,"href":"https:\/\/www.tupack.at\/fr\/wp-json\/wp\/v2\/pages\/2174\/revisions"}],"predecessor-version":[{"id":3082,"href":"https:\/\/www.tupack.at\/fr\/wp-json\/wp\/v2\/pages\/2174\/revisions\/3082"}],"wp:attachment":[{"href":"https:\/\/www.tupack.at\/fr\/wp-json\/wp\/v2\/media?parent=2174"}],"curies":[{"name":"wp","href":"https:\/\/api.w.org\/{rel}","templated":true}]}}